{"id":3681,"date":"2023-06-16T15:35:05","date_gmt":"2023-06-16T19:35:05","guid":{"rendered":"https:\/\/www.newforma.com\/business-owner\/"},"modified":"2023-12-21T09:24:41","modified_gmt":"2023-12-21T14:24:41","slug":"proprietaire-dentreprise","status":"publish","type":"page","link":"https:\/\/www.newforma.com\/fr\/je-suis\/proprietaire-dentreprise\/","title":{"rendered":"Propri\u00e9taire d\u2019entreprise"},"content":{"rendered":"","protected":false},"excerpt":{"rendered":"","protected":false},"author":17,"featured_media":0,"parent":3935,"menu_order":0,"comment_status":"closed","ping_status":"closed","template":"i_am.php","meta":{"_acf_changed":false,"footnotes":""},"class_list":["post-3681","page","type-page","status-publish","hentry"],"acf":[],"yoast_head":"<!-- This site is optimized with the Yoast SEO Premium plugin v27.2 (Yoast SEO v27.2) - https:\/\/yoast.com\/product\/yoast-seo-premium-wordpress\/ -->\n<title>Propri\u00e9taire d\u2019entreprise - Newforma<\/title>\n<meta name=\"description\" content=\"Avez-vous d\u00e9j\u00e0 pens\u00e9 aux r\u00e9percussions que pourrait avoir la gestion efficace de l\u2019information relative au projet sur votre capacit\u00e9 \u00e0 respecter les \u00e9ch\u00e9ances et les budgets?\" \/>\n<meta name=\"robots\" content=\"index, follow, max-snippet:-1, max-image-preview:large, max-video-preview:-1\" \/>\n<link rel=\"canonical\" href=\"https:\/\/www.newforma.com\/fr\/je-suis\/proprietaire-dentreprise\/\" \/>\n<meta property=\"og:locale\" content=\"fr_FR\" \/>\n<meta property=\"og:type\" content=\"article\" \/>\n<meta property=\"og:title\" content=\"Propri\u00e9taire d\u2019entreprise\" \/>\n<meta property=\"og:url\" content=\"https:\/\/www.newforma.com\/fr\/je-suis\/proprietaire-dentreprise\/\" \/>\n<meta property=\"og:site_name\" content=\"Newforma\" \/>\n<meta property=\"article:publisher\" content=\"https:\/\/www.facebook.com\/NewformaCo\/\" \/>\n<meta property=\"article:modified_time\" content=\"2023-12-21T14:24:41+00:00\" \/>\n<meta property=\"og:image\" content=\"https:\/\/www.newforma.com\/wp-content\/uploads\/2023\/08\/seo-img.png\" \/>\n<meta name=\"twitter:card\" content=\"summary_large_image\" \/>\n<meta name=\"twitter:image\" content=\"https:\/\/www.newforma.com\/wp-content\/uploads\/2023\/08\/seo-img.png\" \/>\n<meta name=\"twitter:site\" content=\"@NewformaInc\" \/>\n<script type=\"application\/ld+json\" class=\"yoast-schema-graph\">{\"@context\":\"https:\/\/schema.org\",\"@graph\":[{\"@type\":\"WebPage\",\"@id\":\"https:\/\/www.newforma.com\/fr\/je-suis\/proprietaire-dentreprise\/\",\"url\":\"https:\/\/www.newforma.com\/fr\/je-suis\/proprietaire-dentreprise\/\",\"name\":\"Propri\u00e9taire d\u2019entreprise - Newforma\",\"isPartOf\":{\"@id\":\"https:\/\/www.newforma.com\/fr\/#website\"},\"datePublished\":\"2023-06-16T19:35:05+00:00\",\"dateModified\":\"2023-12-21T14:24:41+00:00\",\"breadcrumb\":{\"@id\":\"https:\/\/www.newforma.com\/fr\/je-suis\/proprietaire-dentreprise\/#breadcrumb\"},\"inLanguage\":\"fr-FR\",\"potentialAction\":[{\"@type\":\"ReadAction\",\"target\":[\"https:\/\/www.newforma.com\/fr\/je-suis\/proprietaire-dentreprise\/\"]}]},{\"@type\":\"BreadcrumbList\",\"@id\":\"https:\/\/www.newforma.com\/fr\/je-suis\/proprietaire-dentreprise\/#breadcrumb\",\"itemListElement\":[{\"@type\":\"ListItem\",\"position\":1,\"name\":\"Home\",\"item\":\"https:\/\/www.newforma.com\/fr\/\"},{\"@type\":\"ListItem\",\"position\":2,\"name\":\"Je suis\",\"item\":\"https:\/\/www.newforma.com\/fr\/je-suis\/\"},{\"@type\":\"ListItem\",\"position\":3,\"name\":\"Propri\u00e9taire d\u2019entreprise\"}]},{\"@type\":\"WebSite\",\"@id\":\"https:\/\/www.newforma.com\/fr\/#website\",\"url\":\"https:\/\/www.newforma.com\/fr\/\",\"name\":\"Newforma\",\"description\":\"Connect your people to the information they need to deliver excellent projects.\",\"publisher\":{\"@id\":\"https:\/\/www.newforma.com\/fr\/#organization\"},\"potentialAction\":[{\"@type\":\"SearchAction\",\"target\":{\"@type\":\"EntryPoint\",\"urlTemplate\":\"https:\/\/www.newforma.com\/fr\/?s={search_term_string}\"},\"query-input\":{\"@type\":\"PropertyValueSpecification\",\"valueRequired\":true,\"valueName\":\"search_term_string\"}}],\"inLanguage\":\"fr-FR\"},{\"@type\":\"Organization\",\"@id\":\"https:\/\/www.newforma.com\/fr\/#organization\",\"name\":\"Newforma\",\"url\":\"https:\/\/www.newforma.com\/fr\/\",\"logo\":{\"@type\":\"ImageObject\",\"inLanguage\":\"fr-FR\",\"@id\":\"https:\/\/www.newforma.com\/fr\/#\/schema\/logo\/image\/\",\"url\":\"https:\/\/www.newforma.com\/wp-content\/uploads\/2023\/10\/cropped-2023_newformalogoicon_4c.png\",\"contentUrl\":\"https:\/\/www.newforma.com\/wp-content\/uploads\/2023\/10\/cropped-2023_newformalogoicon_4c.png\",\"width\":512,\"height\":512,\"caption\":\"Newforma\"},\"image\":{\"@id\":\"https:\/\/www.newforma.com\/fr\/#\/schema\/logo\/image\/\"},\"sameAs\":[\"https:\/\/www.facebook.com\/NewformaCo\/\",\"https:\/\/x.com\/NewformaInc\",\"https:\/\/www.instagram.com\/newformainc\/\",\"https:\/\/www.youtube.com\/@NewformaInc\"],\"description\":\"Newforma, an Ethos Capital portfolio company, provides Information Management and collaboration software for the Architecture, Engineering, Construction, and Owner\/Operator (AECO) industry. We empower AECO firms by delivering technology solutions that drive better project outcomes at every stage of the construction project lifecycle, from design, to ribbon-cutting, and beyond. With over 500,000 users in more than 1,500 firms worldwide, Newforma is trusted by professionals globally to streamline communication, simplify administration, and enable real-time collaboration.\",\"email\":\"support@newforma.com\",\"telephone\":\"+1 (877) 875-8252\",\"legalName\":\"Newforma, Inc.\",\"foundingDate\":\"2004-01-01\"}]}<\/script>\n<!-- \/ Yoast SEO Premium plugin. -->","yoast_head_json":{"title":"Propri\u00e9taire d\u2019entreprise - Newforma","description":"Avez-vous d\u00e9j\u00e0 pens\u00e9 aux r\u00e9percussions que pourrait avoir la gestion efficace de l\u2019information relative au projet sur votre capacit\u00e9 \u00e0 respecter les \u00e9ch\u00e9ances et les budgets?","robots":{"index":"index","follow":"follow","max-snippet":"max-snippet:-1","max-image-preview":"max-image-preview:large","max-video-preview":"max-video-preview:-1"},"canonical":"https:\/\/www.newforma.com\/fr\/je-suis\/proprietaire-dentreprise\/","og_locale":"fr_FR","og_type":"article","og_title":"Propri\u00e9taire d\u2019entreprise","og_url":"https:\/\/www.newforma.com\/fr\/je-suis\/proprietaire-dentreprise\/","og_site_name":"Newforma","article_publisher":"https:\/\/www.facebook.com\/NewformaCo\/","article_modified_time":"2023-12-21T14:24:41+00:00","og_image":[{"url":"https:\/\/www.newforma.com\/wp-content\/uploads\/2023\/08\/seo-img.png","type":"","width":"","height":""}],"twitter_card":"summary_large_image","twitter_image":"https:\/\/www.newforma.com\/wp-content\/uploads\/2023\/08\/seo-img.png","twitter_site":"@NewformaInc","schema":{"@context":"https:\/\/schema.org","@graph":[{"@type":"WebPage","@id":"https:\/\/www.newforma.com\/fr\/je-suis\/proprietaire-dentreprise\/","url":"https:\/\/www.newforma.com\/fr\/je-suis\/proprietaire-dentreprise\/","name":"Propri\u00e9taire d\u2019entreprise - Newforma","isPartOf":{"@id":"https:\/\/www.newforma.com\/fr\/#website"},"datePublished":"2023-06-16T19:35:05+00:00","dateModified":"2023-12-21T14:24:41+00:00","breadcrumb":{"@id":"https:\/\/www.newforma.com\/fr\/je-suis\/proprietaire-dentreprise\/#breadcrumb"},"inLanguage":"fr-FR","potentialAction":[{"@type":"ReadAction","target":["https:\/\/www.newforma.com\/fr\/je-suis\/proprietaire-dentreprise\/"]}]},{"@type":"BreadcrumbList","@id":"https:\/\/www.newforma.com\/fr\/je-suis\/proprietaire-dentreprise\/#breadcrumb","itemListElement":[{"@type":"ListItem","position":1,"name":"Home","item":"https:\/\/www.newforma.com\/fr\/"},{"@type":"ListItem","position":2,"name":"Je suis","item":"https:\/\/www.newforma.com\/fr\/je-suis\/"},{"@type":"ListItem","position":3,"name":"Propri\u00e9taire d\u2019entreprise"}]},{"@type":"WebSite","@id":"https:\/\/www.newforma.com\/fr\/#website","url":"https:\/\/www.newforma.com\/fr\/","name":"Newforma","description":"Connect your people to the information they need to deliver excellent projects.","publisher":{"@id":"https:\/\/www.newforma.com\/fr\/#organization"},"potentialAction":[{"@type":"SearchAction","target":{"@type":"EntryPoint","urlTemplate":"https:\/\/www.newforma.com\/fr\/?s={search_term_string}"},"query-input":{"@type":"PropertyValueSpecification","valueRequired":true,"valueName":"search_term_string"}}],"inLanguage":"fr-FR"},{"@type":"Organization","@id":"https:\/\/www.newforma.com\/fr\/#organization","name":"Newforma","url":"https:\/\/www.newforma.com\/fr\/","logo":{"@type":"ImageObject","inLanguage":"fr-FR","@id":"https:\/\/www.newforma.com\/fr\/#\/schema\/logo\/image\/","url":"https:\/\/www.newforma.com\/wp-content\/uploads\/2023\/10\/cropped-2023_newformalogoicon_4c.png","contentUrl":"https:\/\/www.newforma.com\/wp-content\/uploads\/2023\/10\/cropped-2023_newformalogoicon_4c.png","width":512,"height":512,"caption":"Newforma"},"image":{"@id":"https:\/\/www.newforma.com\/fr\/#\/schema\/logo\/image\/"},"sameAs":["https:\/\/www.facebook.com\/NewformaCo\/","https:\/\/x.com\/NewformaInc","https:\/\/www.instagram.com\/newformainc\/","https:\/\/www.youtube.com\/@NewformaInc"],"description":"Newforma, an Ethos Capital portfolio company, provides Information Management and collaboration software for the Architecture, Engineering, Construction, and Owner\/Operator (AECO) industry. We empower AECO firms by delivering technology solutions that drive better project outcomes at every stage of the construction project lifecycle, from design, to ribbon-cutting, and beyond. With over 500,000 users in more than 1,500 firms worldwide, Newforma is trusted by professionals globally to streamline communication, simplify administration, and enable real-time collaboration.","email":"support@newforma.com","telephone":"+1 (877) 875-8252","legalName":"Newforma, Inc.","foundingDate":"2004-01-01"}]}},"_links":{"self":[{"href":"https:\/\/www.newforma.com\/fr\/wp-json\/wp\/v2\/pages\/3681","targetHints":{"allow":["GET"]}}],"collection":[{"href":"https:\/\/www.newforma.com\/fr\/wp-json\/wp\/v2\/pages"}],"about":[{"href":"https:\/\/www.newforma.com\/fr\/wp-json\/wp\/v2\/types\/page"}],"author":[{"embeddable":true,"href":"https:\/\/www.newforma.com\/fr\/wp-json\/wp\/v2\/users\/17"}],"replies":[{"embeddable":true,"href":"https:\/\/www.newforma.com\/fr\/wp-json\/wp\/v2\/comments?post=3681"}],"version-history":[{"count":0,"href":"https:\/\/www.newforma.com\/fr\/wp-json\/wp\/v2\/pages\/3681\/revisions"}],"up":[{"embeddable":true,"href":"https:\/\/www.newforma.com\/fr\/wp-json\/wp\/v2\/pages\/3935"}],"wp:attachment":[{"href":"https:\/\/www.newforma.com\/fr\/wp-json\/wp\/v2\/media?parent=3681"}],"curies":[{"name":"wp","href":"https:\/\/api.w.org\/{rel}","templated":true}]}}